{"id":964,"date":"2024-06-27T09:38:10","date_gmt":"2024-06-27T06:38:10","guid":{"rendered":"https:\/\/carosariautocantor.com\/site\/?page_id=964"},"modified":"2024-06-27T09:58:44","modified_gmt":"2024-06-27T06:58:44","slug":"prevenirea-deseurilor","status":"publish","type":"page","link":"https:\/\/carosariautocantor.com\/site\/index.php\/prevenirea-deseurilor\/","title":{"rendered":"PREVENIREA DE\u0218EURILOR"},"content":{"rendered":"\t\t<div data-elementor-type=\"wp-page\" data-elementor-id=\"964\" class=\"elementor elementor-964\">\n\t\t\t\t\t\t<div class=\"elementor-inner\">\n\t\t\t\t<div class=\"elementor-section-wrap\">\n\t\t\t\t\t\t\t\t\t<section class=\"elementor-section elementor-top-section elementor-element elementor-element-674e5cc8 elementor-section-boxed elementor-section-height-default elementor-section-height-default\" data-id=\"674e5cc8\" data-element_type=\"section\">\n\t\t\t\t\t\t<div class=\"elementor-container elementor-column-gap-default\">\n\t\t\t\t\t\t\t<div class=\"elementor-row\">\n\t\t\t\t\t<div class=\"elementor-column elementor-col-100 elementor-top-column elementor-element elementor-element-4276bac0\" data-id=\"4276bac0\" data-element_type=\"column\">\n\t\t\t<div class=\"elementor-column-wrap elementor-element-populated\">\n\t\t\t\t\t\t\t<div class=\"elementor-widget-wrap\">\n\t\t\t\t\t\t<div class=\"elementor-element elementor-element-1eea2532 elementor-widget elementor-widget-text-editor\" data-id=\"1eea2532\" data-element_type=\"widget\" data-widget_type=\"text-editor.default\">\n\t\t\t\t<div class=\"elementor-widget-container\">\n\t\t\t\t\t\t\t\t<div class=\"elementor-text-editor elementor-clearfix\">\n\t\t\t\t<p><!-- wp:paragraph --><\/p>\n<p><em><strong>PROGRAM DE PREVENIRE SI REDUCERE A CANTITATILOR DE DESEURI GENERATE DIN ACTIVITATEA PROPRIE IN ANUL 2023<\/strong><\/em><\/p>\n<p><!-- \/wp:paragraph --><\/p>\n<p><!-- wp:paragraph --><\/p>\n<p><strong>Date de identificare a societatii<\/strong><\/p>\n<p><!-- \/wp:paragraph --><\/p>\n<p><!-- wp:paragraph --><\/p>\n<p>Utilizatorul: <strong>CANTOR CONFMET SRL<\/strong><strong>, <\/strong>cu sediul in loc. Cluj-Napoca, str. Cheile Baciului, nr. 2, jud. Cluj<\/p>\n<p><!-- \/wp:paragraph --><\/p>\n<p><!-- wp:paragraph --><\/p>\n<p>Cod fiscal: RO216536<\/p>\n<p><!-- \/wp:paragraph --><\/p>\n<p><!-- wp:paragraph --><\/p>\n<p>Nr. inreg la ORC: J12\/2051\/1991<\/p>\n<p><!-- \/wp:paragraph --><\/p>\n<p><!-- wp:paragraph --><\/p>\n<p>Telefon: 0726\/281696<\/p>\n<p><!-- \/wp:paragraph --><\/p>\n<p><!-- wp:paragraph --><\/p>\n<p>Email: <a href=\"mailto:cantor_confmet@yahoo.com\">cantor_confmet@yahoo.com<\/a><\/p>\n<p><!-- \/wp:paragraph --><\/p>\n<p><!-- wp:paragraph --><\/p>\n<p>Profilul de activitate al unitatii este de:<\/p>\n<p><!-- \/wp:paragraph --><\/p>\n<p><!-- wp:list --><\/p>\n<ul>\n<li><strong>productie caroserii pentru autovehicule, fabricarea de remorci si semiremorci.<\/strong><\/li>\n<\/ul>\n<p><!-- \/wp:list --><\/p>\n<p><!-- wp:paragraph --><\/p>\n<p>Procesul tehnologic se desfasoara in urmatoarele etape:<\/p>\n<p><!-- \/wp:paragraph --><\/p>\n<p><!-- wp:list --><\/p>\n<ul>\n<li><strong>Reparatii caroserii:<\/strong> preluare lucrare, demontare repere avariate, confectionare elemente avariate, aprovizionare\/confectionare elemente auxiliare necesare, inlocuire elemente avariate cu piese noi sau reparate si vopsite, control final, livrare.<\/li>\n<li><strong>Confectionare caroserii noi: <\/strong>preluarea lucrarii, transport materiale la locul de munca, prelucrare materiale si semifabricate, fabricare module, montare module pe caroserii, control final, predare masina.<\/li>\n<\/ul>\n<p><!-- \/wp:list --><\/p>\n<p><!-- wp:paragraph --><\/p>\n<p><strong>Activitatea principal\u0103:<\/strong><\/p>\n<p><!-- \/wp:paragraph --><\/p>\n<p><!-- wp:paragraph --><\/p>\n<p>Domeniul de activitate principal: conform codificarii (Ordin 337\/2007) Rev. Caen (2)<\/p>\n<p><!-- \/wp:paragraph --><\/p>\n<p><!-- wp:list --><\/p>\n<ul>\n<li><em><strong>2920 \u2013 Productia de caroserii pentru autovehicule; fabricarea de remorci si semiremorci<\/strong><\/em><\/li>\n<\/ul>\n<p><!-- \/wp:list --><\/p>\n<p><!-- wp:paragraph --><\/p>\n<p>Activitatea se desf\u0103\u015foar\u0103 la punctul de lucru din:<em><strong> Cluj-Napoca, str. <\/strong><\/em><em><strong>Cheile Baciului<\/strong><\/em><em><strong>, nr. <\/strong><\/em><em><strong>2<\/strong><\/em><em><strong>, jud. Cluj. <\/strong><\/em>Pentru acest punct de lucru, APM Cluj a emis <em><strong>Autorizatia de Mediu nr. <\/strong><\/em><em><strong>292 <\/strong><\/em><em><strong>din <\/strong><\/em><em><strong>05<\/strong><\/em><em><strong>.12.20<\/strong><\/em><em><strong>22<\/strong><\/em><em><strong>.<\/strong><\/em><\/p>\n<p><!-- \/wp:paragraph --><\/p>\n<p><!-- wp:paragraph --><\/p>\n<p>Prezentul <em><strong>program <\/strong><\/em><em><strong>de <\/strong> <\/em><em><strong>prevenire <\/strong><\/em><em><strong>si <\/strong><\/em><em><strong>reducere <\/strong> <\/em><em><strong>a<\/strong><\/em> <em><strong>cantitatii <\/strong><\/em><em><strong>de deseuri<\/strong><\/em>, a fost elaborat in conformitate cu cerintele OUG 92\/2021 privind regimul deseurilor, art. 44: \u201e<em>p<\/em><em>ersoana juridic\u0103 ce exercit\u0103 o activitate de natur\u0103 comercial\u0103 sau industrial\u0103, pentru care autoritatea competent\u0103 pentru protec\u021bia mediului a emis o autoriza\u021bie de mediu\/autoriza\u021bie integrat\u0103 de mediu, av\u00e2nd \u00een vedere rezultatele unui audit de de\u0219euri, este obligat\u0103 s\u0103 \u00eentocmeasc\u0103 \u0219i s\u0103 implementeze un program de prevenire \u0219i reducere a cantit\u0103\u021bilor de de\u0219euri generate din activitatea proprie sau, dup\u0103 caz, de la orice produs fabricat, inclusiv m\u0103suri care respect\u0103 un anumit design al produselor, \u0219i s\u0103 adopte m\u0103suri de reducere a periculozit\u0103\u021bii de\u0219eurilor<\/em>\u201d.<\/p>\n<p><!-- \/wp:paragraph --><\/p>\n<p><!-- wp:paragraph --><\/p>\n<p>Societatea a dezvoltat si implementat un program de reducere a cantitatilor de deseuri generate, prin asigurarea in principal a colectarii selective a deseurilor reciclabile, predarea periodica a deseurilor valorificabile catre societatile autorizate si controlul amanuntit al produselor achizitionate\/comercializate, fiind astfel redusa in special cantitatea de deseuri ce este predata spre eliminare finala in depozitele de deseuri.<\/p>\n<p><!-- \/wp:paragraph --><\/p>\n<p><!-- wp:paragraph --><\/p>\n<p><strong>Deseurile generate in unitate sunt:<\/strong><\/p>\n<p><!-- \/wp:paragraph --><\/p>\n<p><!-- wp:table --><\/p>\n<figure class=\"wp-block-table\">\n<table>\n<tbody>\n<tr>\n<td><strong>Cod deseu<\/strong><\/td>\n<td><strong>Denumire deseu<\/strong><\/td>\n<td><strong>Sursa generatoare<\/strong><\/td>\n<td><strong>Operatiune valorificare\/ eliminare<\/strong><\/td>\n<td><strong>Cod operatiune<\/strong><\/td>\n<td><strong>Denumire operatiune<\/strong><\/td>\n<\/tr>\n<tr>\n<td>20 03 01<\/td>\n<td>Deseu menajer<\/td>\n<td>Personal<\/td>\n<td>Valorificare<br><\/td>\n<td>R12<\/td>\n<td>Schimb de deseuri in vederea efectuarii oricareia dintre operatiile numerotate de la R1 la R11<\/td>\n<\/tr>\n<tr>\n<td>15 01 01<\/td>\n<td>Ambalaje de hartie si carton<\/td>\n<td>Aprovizionare<\/td>\n<td>Valorificare<br><\/td>\n<td>R12<\/td>\n<td>Schimb de deseuri in vederea efectuarii oricareia dintre operatiile numerotate de la R1 la R11<\/td>\n<\/tr>\n<tr>\n<td>15 01 02<\/td>\n<td>Ambalaje de materiale plastice<\/td>\n<td>Aprovizionare<\/td>\n<td>Valorificare<br><\/td>\n<td>R12<\/td>\n<td>Schimb de deseuri in vederea efectuarii oricareia dintre operatiile numerotate de la R1 la R11<\/td>\n<\/tr>\n<tr>\n<td>15 01 03<\/td>\n<td>Ambalaje de lemn<\/td>\n<td>Aprovizionare<\/td>\n<td>Valorificare<br><\/td>\n<td>R12<\/td>\n<td>Schimb de deseuri in vederea efectuarii oricareia dintre operatiile numerotate de la R1 la R11<\/td>\n<\/tr>\n<tr>\n<td>12 01 01<\/td>\n<td>Pilitura si span feros<\/td>\n<td>Productie caroserii auto<\/td>\n<td>Valorificare<br><\/td>\n<td>R12<\/td>\n<td>Schimb de deseuri in vederea efectuarii oricareia dintre operatiile numerotate de la R1 la R11<\/td>\n<\/tr>\n<tr>\n<td>12 01 03<\/td>\n<td>Pilitura si span neferos<\/td>\n<td>Productie caroserii auto<\/td>\n<td>Valorificare<br><\/td>\n<td>R12<\/td>\n<td>Schimb de deseuri in vederea efectuarii oricareia dintre operatiile numerotate de la R1 la R11<\/td>\n<\/tr>\n<tr>\n<td>20 01 40<\/td>\n<td>Metale \u2013 feroase<\/td>\n<td>Productie caroserii auto<\/td>\n<td>Valorificare<br><\/td>\n<td>R12<\/td>\n<td>Schimb de deseuri in vederea efectuarii oricareia dintre operatiile numerotate de la R1 la R11<\/td>\n<\/tr>\n<tr>\n<td>20 01 39<\/td>\n<td>Polistiren<\/td>\n<td>Productie caroserii auto<\/td>\n<td>Valorificare<br><\/td>\n<td>R12<\/td>\n<td>Schimb de deseuri in vederea efectuarii oricareia dintre operatiile numerotate de la R1 la R11<\/td>\n<\/tr>\n<tr>\n<td>16 01 22<\/td>\n<td>Componente fara alta specificatie \u2013 fibra de sticla<\/td>\n<td>Productie caroserii auto<\/td>\n<td>Valorificare<br><\/td>\n<td>R12<\/td>\n<td>Schimb de deseuri in vederea efectuarii oricareia dintre operatiile numerotate de la R1 la R11<\/td>\n<\/tr>\n<tr>\n<td>15 01 10*<\/td>\n<td>Ambalaje care contin reziduri sau sunt contaminate cu substante contaminate<\/td>\n<td>Productie caroserii auto<\/td>\n<td>Valorificare<br><\/td>\n<td>R12<\/td>\n<td>Schimb de deseuri in vederea efectuarii oricareia dintre operatiile numerotate de la R1 la R11<\/td>\n<\/tr>\n<tr>\n<td>15 02 02*<\/td>\n<td>Absorbanti, materiale filtrate<\/td>\n<td>Productie caroserii auto<\/td>\n<td>Valorificare<br><\/td>\n<td>R12<\/td>\n<td>Schimb de deseuri in vederea efectuarii oricareia dintre operatiile numerotate de la R1 la R11<\/td>\n<\/tr>\n<\/tbody>\n<\/table>\n<\/figure>\n<p><!-- \/wp:table --><\/p>\n<p><!-- wp:paragraph --><\/p>\n<p><strong>Gestionarea deseurilor generate<\/strong><\/p>\n<p><!-- \/wp:paragraph --><\/p>\n<p><!-- wp:list --><\/p>\n<ul>\n<li>Deseurile rezultate din activitate sunt colectate separat, pe fiecare tip de deseu;<\/li>\n<li>Deseurile sunt depozitate astfel incat sa nu afecteze mediul inconjurator, in recipiente de plastic\/ metal\/ saci, etc., etichetate corespunzator codului deseului. Se va evita formarea de stocuri care ar putea prezenta risc de incediu sau mirosuri etc. pentru vecinatati.<\/li>\n<li>Locul de depozitare a deseurilor reciclabile\/ valorificabile este inchis, pe platforma betonata, prevazut cu un acoperis si ferit de intemperii;<\/li>\n<li>Deseurile periculoase se stocheaza in recipiente metalice, rezistente la soc mecanic si termic, inchise etans;<\/li>\n<li>La predarea deseurilor se solicita si sunt pastrate conform legislatiei, formularele doveditoare privind trasabilitatea deseurilor periculoase sau nepericuloase;<\/li>\n<li>Se va evita formarea de stocuri care ar putea pune in pericol sanatatea umana si ar dauna mediului inconjurator (riscuri de poluare a apei, aerului, solului, fauna, flora, generare de mirosuri, risc deincediu pentru vecinatati);<\/li>\n<li>Transportul deseurilor se realizeaza numai de catre operatori economici care detin autorizatie de mediu, conform legislatiei in vigoare pentru activitatile de colectare\/ stocare temporara\/ tratare\/ valorificare\/ eliminare;<\/li>\n<li>Se vor completa in totalitate (cantitate, categorie deseuri, persoana responsabila) formularele de incarcare-descarcare deseuri nepericuloase (anexa 3) sau formularele de expeditie\/ transport deseuri periculoase (anexa 2) pentru asigurarea trasabilitatii deseurilor generate. Anexele se completeaza pentru fiecare tip de deseu, in conformitate cu HG 1061\/2008 privind transportul deseurilor pe teritoriul Romaniei. Acestea vor fi semnate si stampilate de catre, generator, transportator si colectorul\/ valorificatorul\/ eliminatorul final autorizat, un exemplar revenindu-i producatorului de deseuri (generatorul, cel care preda aceste deseuri). Acest exemplar poate fi trimis si prin fax sau posta, cu confirmare de primire, catre generator, care il pastreaza ca parte a evidentei gestiunii deseurilor intocmita in conformitate cu HG 856\/2002.<\/li>\n<li>Deseurile periculoase pot fi transportate fara alte aprobari de la autoritati competente (APM, ISU) doar daca intr-un an (indiferent de numarul transporturilor efectuate), cantitatea totala este mai mica de 1 tona. Pentru cantitati anuale mai mari de 1 tona se va respecta regimul strict de inregistrare si avizare prevazut in HG 1061\/2008.<\/li>\n<li>Sunt incheiate contracte cu operatori economici autorizati din punct de vedere a mediului, in vederea valorificarii\/ eliminarii deseurilor:<\/li>\n<\/ul>\n<p><!-- \/wp:list --><\/p>\n<p><!-- wp:list --><\/p>\n<ul>\n<li>deseuri metalice feroase si neferoase \u2013 sunt colectate de catre societatea GOGECO SRL, in baza contractului nr. 206A din 21.06.2022;<\/li>\n<li>deseurile de ambalaje de carton, amestec de hartie, polistiren, lemn si folie color \u2013 sunt colectate de catre societatea RECYCLE INTERNATIONAL SRL, in baza contractului nr. CJ316 din 24.10.2019;<\/li>\n<li>deseurile de ambalaje de lemn (paleti) \u2013 sunt colectate de catre societatea GDI ELECTRIC CAB SRL, in baza contractului nr. 10 din 26.06.2017;<\/li>\n<li>componentele fara alta specificatie \u2013 sunt colectate de catre societatea BIO \u2013 PAK SRL, in baza contractului nr. BI-IND 151 din 11.07.2022;<\/li>\n<li>deseurile de ambalaje contaminate, absorbanti, materiale filtrante \u2013 sunt colectate de societatea DDI ECOMAX PLUS SRL, in baza contractului nr. 149 din 21.10.2015;<\/li>\n<li>deseurile municipale amestecate sunt colectate de societatea SUPERCOM SA, in baza contractului nr. CJL101CJNAE \u2013 002852;<\/li>\n<\/ul>\n<p><!-- \/wp:list --><\/p>\n<p><!-- wp:heading {\"level\":1} --><\/p>\n<h1><strong>Masuri&nbsp;<\/strong><strong>privind&nbsp;<\/strong><strong>prevenirea&nbsp;<\/strong><strong>si&nbsp;<\/strong><strong>reducerea <\/strong><strong>cantitatilor&nbsp;<\/strong><strong>de&nbsp;<\/strong><strong>deseuri generate<\/strong><\/h1>\n<p><!-- \/wp:heading --><\/p>\n<p><!-- wp:paragraph --><\/p>\n<p>Activitatile desfasurate trebuie sa tina cont intotdeauna de o ierarhie a optiunilor de gestionare a deseurilor, conform fig. 1.<\/p>\n<p><!-- \/wp:paragraph --><\/p>\n<p><!-- wp:paragraph --><\/p>\n<p>Optiunea cea mai putin avantajoasa<\/p>\n<p><!-- \/wp:paragraph --><\/p>\n<p><!-- wp:paragraph --><\/p>\n<p>Optiunea cea mai avantajoasa<\/p>\n<p><!-- \/wp:paragraph --><\/p>\n<p><!-- wp:paragraph --><\/p>\n<p>Figura. 1 Piramida gestionarii deseurilor<\/p>\n<p><!-- \/wp:paragraph --><\/p>\n<p><!-- wp:paragraph --><\/p>\n<p><strong>Prima optiune este prevenirea producerii de deseuri <\/strong>prin alegerea, inca din faza de proiectare, a celor mai bune tehnologii. Daca evitarea producerii de deseuri nu este intotdeauna posibila, atunci trebuie minimizata cantitatea de deseuri generata prin reutilzare, reciclare si valorificare energetica. Astfel, colectarea selectiva a deseurilor in vederea valorificarii acestora contribuie la reducerea cantitatii de deseuri ce sunt eliminate prin depozitare.<\/p>\n<p><!-- \/wp:paragraph --><\/p>\n<p><!-- wp:paragraph --><\/p>\n<p>Etapa de eliminare a deseurilor trebuie aplicata numai dupa ce au fost folosite toate celelalte mijloace, in mod responsabil, astfel incat sa nu produca efecte negative asupra mediului.<\/p>\n<p><!-- \/wp:paragraph --><\/p>\n<p><!-- wp:paragraph --><\/p>\n<p>Cantitatile de deseuri generate sunt centralizate in evidenta gestiunii deseurilor care se completeaza lunar, in conformitate cu HG 856\/2002 privind evidenta gestiunii deseurilor si pentru aprobarea listei cuprinzand deseurile, inclusiv deseurile periculoase. Raportul privind evidenta gestiunii deseurilor se transmite lunar si\/sau anual catre Agentia competenta pentru Protectia Mediului.<\/p>\n<p><!-- \/wp:paragraph --><\/p>\n<p><!-- wp:heading --><\/p>\n<h2><em>M\u0103surile&nbsp;<\/em><em>specifice&nbsp;<\/em><em>privind&nbsp;<\/em><em>prevenirea&nbsp;<\/em><em>\u0219i\/ sau&nbsp;<\/em><em>reducerea&nbsp;<\/em><em>cantit\u0103\u021bilor&nbsp;<\/em><em>de&nbsp;<\/em><em>de\u0219euri&nbsp;<\/em><em>rezultate&nbsp;<\/em><em>din&nbsp;<\/em><em>activitatea&nbsp;<\/em><em>proprie&nbsp;<\/em><em>poate&nbsp;<\/em><em>fi<\/em><em>realizat\u0103&nbsp;<\/em><em>prin&nbsp;<\/em><em>implementarea&nbsp;<\/em><em>unor&nbsp;<\/em><em>politici&nbsp;<\/em><em>\u0219i&nbsp;<\/em><em>practici&nbsp;<\/em><em>cum ar&nbsp;<\/em><em>fi:<\/em><\/h2>\n<p><!-- \/wp:heading --><\/p>\n<p><!-- wp:list --><\/p>\n<ul>\n<li><strong>Gestionarea eficienta a hartiei\/ cartonului:<\/strong><\/li>\n<\/ul>\n<p><!-- \/wp:list --><\/p>\n<p><!-- wp:list --><\/p>\n<ul>\n<li>Evitarea generarii deseurilor si reducerea folosirii hartiei:<\/li>\n<\/ul>\n<p><!-- \/wp:list --><\/p>\n<p><!-- wp:list --><\/p>\n<ul>\n<li>Printarea doar daca este absolut necesar<\/li>\n<li>Printare pe cat posibil fata-verso<\/li>\n<li>Micsorarea fontului, rezultand astfel mai putine pagini printate<\/li>\n<li>Reutilizarea hartiei ca si ciorne (unde este posibil)<\/li>\n<li>Arhivarea documentelor in format electronic si folosirea cu precadere a documentelor in format electronic<\/li>\n<\/ul>\n<p><!-- \/wp:list --><\/p>\n<p><!-- wp:list --><\/p>\n<ul>\n<li>Amplasarea optima in birouri si utilizarea recipientilor pentru colectare selectiva a hartiei\/maculaturii;<\/li>\n<li>Informarea angajatilor in legatura cu tipurile de hartie\/carton care se pot recicla<\/li>\n<li>Reutilizarea ambalajelor de carton;<\/li>\n<li>Predarea selectiva a deseurilor de hartie si carton catre agentii economici autorizati in domeniul reciclarii;<\/li>\n<li>Evitarea achizitionarii de echipamente\/ materiale supra ambalate.<\/li>\n<\/ul>\n<p><!-- \/wp:list --><\/p>\n<p><!-- wp:list --><\/p>\n<ul>\n<li><strong>Gestionarea eficienta a ambalajelor din materiale plastice\/ metal\/ lemn:<\/strong><\/li>\n<\/ul>\n<p><!-- \/wp:list --><\/p>\n<p><!-- wp:list --><\/p>\n<ul>\n<li>Amplasarea optima si utilizarea recipientilor pentru colectarea selectiva a deseurilor de ambalaje generate pe amplasament.<\/li>\n<li>Achizitionarea de produse neambalate sau produse fara ambalaje excesive.<\/li>\n<li>Reutilizarea ambalajelor de lemn\/plastic utilizate pentru transportul produselor comercializate si ramase pe amplasament in urma dezambalarii.<\/li>\n<li>Incurajarea achizitiei unor tipuri de produse cu ambalaje pentru care exista tehnologii de reciclare\/valorificare.<\/li>\n<\/ul>\n<p><!-- \/wp:list --><\/p>\n<p><!-- wp:list --><\/p>\n<ul>\n<li><strong>Gestionarea cantitatii de polistiren si fibra de sticla<\/strong><\/li>\n<\/ul>\n<p><!-- \/wp:list --><\/p>\n<p><!-- wp:list --><\/p>\n<ul>\n<li>Achizitionarea placilor de polistiren si fibra de sticla la dimensiuni potrivite pentru a se elimina taieturile numeroase si generarea de deseuri de polistiren si fibra de sticla;<\/li>\n<\/ul>\n<p><!-- \/wp:list --><\/p>\n<p><!-- wp:list --><\/p>\n<ul>\n<li><strong>Imbunatatirea controlului inventarului:<\/strong><\/li>\n<\/ul>\n<p><!-- \/wp:list --><\/p>\n<p><!-- wp:list --><\/p>\n<ul>\n<li>Mentinerea unei evidente clare cu privire la termenele de valabilitate pe fiecare categorie de produse in parte.<\/li>\n<li>Achizitionarea de substante chimice periculoase numai la comanda si in cantitati minime pentru a evita formarea de stocuri si expirarea acestora.<\/li>\n<li>Distribuirea de substante chimice cu termen de garantie limitat de folosire din stocul deja existent, mai vechi, inaintea distribuirii stocului cel nou.<\/li>\n<li>Restrictii la cumparare a unor produse ce sunt supraambalate.<\/li>\n<li>Alegerea furnizorilor care comercializeaza produse \u201cverzi\u201d in masura in care este posibil din punct de vedere tehnic.<\/li>\n<\/ul>\n<p><!-- \/wp:list --><\/p>\n<p><!-- wp:list --><\/p>\n<ul>\n<li><strong>Reducerea cantitatilor de ambalaje contaminate:<\/strong><\/li>\n<\/ul>\n<p><!-- \/wp:list --><\/p>\n<p><!-- wp:list --><\/p>\n<ul>\n<li>Achizitionarea produselor lichide in recipienti de volum mare pentru evitarea producerii de deseuri de ambalaje care contin reziduri sau sunt contaminate cu substante periculoase.<\/li>\n<li>Achizitionarea substantelor periculoase la comanda si calcularea cantitatilor necesare desfasurarii activitatii (rasina, diluanti, adezivi), pentru evitarea formarii stocurilor si\/ sau expirarea acestora.<\/li>\n<li>Prospectarea pietei in vederea identificarii produselor eco folosite in procesele tehnologice.<\/li>\n<li>Respecarea procedurilor de lucru in vederea evitarii deteriorarii ambalajelor produselor periculoase.<\/li>\n<li>Elaborarea listei ce cuprinde deseurile periculoase\/ nepericuloase.<\/li>\n<li>Evaluarea riscurilor privind gestiunea deseurilor periculoase.<\/li>\n<\/ul>\n<p><!-- \/wp:list --><\/p>\n<p><!-- wp:list --><\/p>\n<ul>\n<li><strong>Instruirea angajatilor cu privire la:<\/strong><\/li>\n<\/ul>\n<p><!-- \/wp:list --><\/p>\n<p><!-- wp:list --><\/p>\n<ul>\n<li>Importanta prevenirii generarii deseurilor si obligatia reutilizarii produselor si a colectarii selective a deseurilor.<\/li>\n<li>Constientizarea si sporirea atentiei in ceea ce priveste colationarea documentelor inainte de tiparire in scopul reducerii numarului de printuri gresite.<\/li>\n<li>Utilizarea bazei de date si a altor materiale in format electronic, precum si a corespondentei electronice (facturi, adrese, contracte, lucrari) si salvarea acestora in format electronic.<\/li>\n<li>Incurajarea furnizorilor de materiale de intretinere\/ curatenie, apa, etc., sa aplice principiul schimbarii ambalajelor vechi (cutii, bidoane, sticle, navete, etc.) in scopul reducerii cantitatilor de deseuri de ambalaje.<\/li>\n<li>Instruirea personalului cu privire la consumul rational de resurse (apa, energie electrica, energie termica).<\/li>\n<\/ul>\n<p><!-- \/wp:list --><\/p>\n<p><!-- wp:paragraph --><\/p>\n<p><em><strong>Elaborat:<\/strong><\/em><\/p>\n<p><!-- \/wp:paragraph --><\/p>\n<p><!-- wp:paragraph --><\/p>\n<p><em><strong>PROTEHNIC BODEA SRL<\/strong><\/em><\/p>\n<p><!-- \/wp:paragraph --><\/p>\t\t\t\t\t<\/div>\n\t\t\t\t\t\t<\/div>\n\t\t\t\t<\/div>\n\t\t\t\t\t\t<\/div>\n\t\t\t\t\t<\/div>\n\t\t<\/div>\n\t\t\t\t\t\t\t\t<\/div>\n\t\t\t\t\t<\/div>\n\t\t<\/section>\n\t\t\t\t\t\t\t\t\t<\/div>\n\t\t\t<\/div>\n\t\t\t\t\t<\/div>\n\t\t","protected":false},"excerpt":{"rendered":"<p>PROGRAM DE PREVENIRE SI REDUCERE A CANTITATILOR DE DESEURI GENERATE DIN ACTIVITATEA PROPRIE IN ANUL 2023 Date de identificare a societatii Utilizatorul: CANTOR CONFMET SRL, cu sediul in loc. Cluj-Napoca, str. Cheile Baciului, nr. 2, jud. Cluj Cod fiscal: RO216536 Nr. inreg la ORC: J12\/2051\/1991 Telefon: 0726\/281696 Email: cantor_confmet@yahoo.com Profilul&#8230;<\/p>\n","protected":false},"author":1,"featured_media":0,"parent":0,"menu_order":0,"comment_status":"closed","ping_status":"closed","template":"","meta":[],"_links":{"self":[{"href":"https:\/\/carosariautocantor.com\/site\/index.php\/wp-json\/wp\/v2\/pages\/964"}],"collection":[{"href":"https:\/\/carosariautocantor.com\/site\/index.php\/wp-json\/wp\/v2\/pages"}],"about":[{"href":"https:\/\/carosariautocantor.com\/site\/index.php\/wp-json\/wp\/v2\/types\/page"}],"author":[{"embeddable":true,"href":"https:\/\/carosariautocantor.com\/site\/index.php\/wp-json\/wp\/v2\/users\/1"}],"replies":[{"embeddable":true,"href":"https:\/\/carosariautocantor.com\/site\/index.php\/wp-json\/wp\/v2\/comments?post=964"}],"version-history":[{"count":5,"href":"https:\/\/carosariautocantor.com\/site\/index.php\/wp-json\/wp\/v2\/pages\/964\/revisions"}],"predecessor-version":[{"id":971,"href":"https:\/\/carosariautocantor.com\/site\/index.php\/wp-json\/wp\/v2\/pages\/964\/revisions\/971"}],"wp:attachment":[{"href":"https:\/\/carosariautocantor.com\/site\/index.php\/wp-json\/wp\/v2\/media?parent=964"}],"curies":[{"name":"wp","href":"https:\/\/api.w.org\/{rel}","templated":true}]}}