{"id":728,"date":"2020-04-29T14:20:00","date_gmt":"2020-04-29T11:20:00","guid":{"rendered":"http:\/\/carosariautocantor.com\/site\/?page_id=728"},"modified":"2020-04-30T10:47:20","modified_gmt":"2020-04-30T07:47:20","slug":"xix-transport-mortuar","status":"publish","type":"page","link":"https:\/\/carosariautocantor.com\/site\/index.php\/produse\/xix-transport-mortuar\/","title":{"rendered":"IX. TRANSPORT MORTUAR"},"content":{"rendered":"\n<p>\u00cencep\u00e2nd din anul 2019 \u00een cadrul firmei se efectueaz\u0103 \u0219i lucr\u0103ri de amenajare interioar\u0103 pentru transport mortuar \u00een furgoane.<\/p>\n\n\n\n<figure class=\"wp-block-image\"><img loading=\"lazy\" width=\"853\" height=\"640\" src=\"https:\/\/carosariautocantor.com\/site\/wp-content\/uploads\/2020\/04\/20200114_085054-1.jpg\" alt=\"\" class=\"wp-image-729\" srcset=\"https:\/\/carosariautocantor.com\/site\/wp-content\/uploads\/2020\/04\/20200114_085054-1.jpg 853w, https:\/\/carosariautocantor.com\/site\/wp-content\/uploads\/2020\/04\/20200114_085054-1-300x225.jpg 300w, https:\/\/carosariautocantor.com\/site\/wp-content\/uploads\/2020\/04\/20200114_085054-1-768x576.jpg 768w\" sizes=\"(max-width: 853px) 100vw, 853px\" \/><figcaption>Transport mortuar cu 2 carucioare<\/figcaption><\/figure>\n\n\n\n<figure class=\"wp-block-image\"><img loading=\"lazy\" width=\"853\" height=\"640\" src=\"https:\/\/carosariautocantor.com\/site\/wp-content\/uploads\/2020\/04\/20200114_085059-1.jpg\" alt=\"\" class=\"wp-image-731\" srcset=\"https:\/\/carosariautocantor.com\/site\/wp-content\/uploads\/2020\/04\/20200114_085059-1.jpg 853w, https:\/\/carosariautocantor.com\/site\/wp-content\/uploads\/2020\/04\/20200114_085059-1-300x225.jpg 300w, https:\/\/carosariautocantor.com\/site\/wp-content\/uploads\/2020\/04\/20200114_085059-1-768x576.jpg 768w\" sizes=\"(max-width: 853px) 100vw, 853px\" \/><\/figure>\n\n\n\n<div class=\"wp-block-image\"><figure class=\"aligncenter\"><img loading=\"lazy\" width=\"480\" height=\"640\" src=\"https:\/\/carosariautocantor.com\/site\/wp-content\/uploads\/2020\/04\/20191126_140120-1.jpg\" alt=\"\" class=\"wp-image-730\" srcset=\"https:\/\/carosariautocantor.com\/site\/wp-content\/uploads\/2020\/04\/20191126_140120-1.jpg 480w, https:\/\/carosariautocantor.com\/site\/wp-content\/uploads\/2020\/04\/20191126_140120-1-225x300.jpg 225w\" sizes=\"(max-width: 480px) 100vw, 480px\" \/><figcaption>Transport mortuar cu 1 carucior<\/figcaption><\/figure><\/div>\n","protected":false},"excerpt":{"rendered":"<p>\u00cencep\u00e2nd din anul 2019 \u00een cadrul firmei se efectueaz\u0103 \u0219i lucr\u0103ri de amenajare interioar\u0103 pentru transport mortuar \u00een furgoane.<\/p>\n","protected":false},"author":2,"featured_media":0,"parent":36,"menu_order":0,"comment_status":"closed","ping_status":"closed","template":"page-templates\/template-fullwidth.php","meta":[],"_links":{"self":[{"href":"https:\/\/carosariautocantor.com\/site\/index.php\/wp-json\/wp\/v2\/pages\/728"}],"collection":[{"href":"https:\/\/carosariautocantor.com\/site\/index.php\/wp-json\/wp\/v2\/pages"}],"about":[{"href":"https:\/\/carosariautocantor.com\/site\/index.php\/wp-json\/wp\/v2\/types\/page"}],"author":[{"embeddable":true,"href":"https:\/\/carosariautocantor.com\/site\/index.php\/wp-json\/wp\/v2\/users\/2"}],"replies":[{"embeddable":true,"href":"https:\/\/carosariautocantor.com\/site\/index.php\/wp-json\/wp\/v2\/comments?post=728"}],"version-history":[{"count":7,"href":"https:\/\/carosariautocantor.com\/site\/index.php\/wp-json\/wp\/v2\/pages\/728\/revisions"}],"predecessor-version":[{"id":749,"href":"https:\/\/carosariautocantor.com\/site\/index.php\/wp-json\/wp\/v2\/pages\/728\/revisions\/749"}],"up":[{"embeddable":true,"href":"https:\/\/carosariautocantor.com\/site\/index.php\/wp-json\/wp\/v2\/pages\/36"}],"wp:attachment":[{"href":"https:\/\/carosariautocantor.com\/site\/index.php\/wp-json\/wp\/v2\/media?parent=728"}],"curies":[{"name":"wp","href":"https:\/\/api.w.org\/{rel}","templated":true}]}}