{"id":476,"date":"2019-01-29T19:26:06","date_gmt":"2019-01-29T17:26:06","guid":{"rendered":"http:\/\/carosariautocantor.com\/site\/?page_id=476"},"modified":"2022-02-14T11:22:06","modified_gmt":"2022-02-14T09:22:06","slug":"vii-1-basculante","status":"publish","type":"page","link":"https:\/\/carosariautocantor.com\/site\/index.php\/produse\/vii-1-basculante\/","title":{"rendered":"VII.1 BASCULANTE"},"content":{"rendered":"\n<p>Suprastructurile basculabile sunt realizate \u00een varianta de basculare pe spate sau pe trei p\u0103r\u021bi(trilateral\u0103).<\/p>\n\n\n\n<p>Pentru a proteja marfa transportat\u0103 se pot prevedea \u0219i sistem de prelat\u0103.<\/p>\n\n\n\n<p>\u00cen general semi\u0219asiul \u0219i structura benei sunt zincate, dar la cererea clientului se pot vopsi.<\/p>\n\n\n\n<p>Obloanele pot fi din otel sau din\naluminiu. <\/p>\n\n\n\n<p>Unghiul de basculare este intre 45 si 55 grade.<\/p>\n\n\n\n<div class=\"wp-block-image\"><figure class=\"aligncenter\"><img loading=\"lazy\" width=\"800\" height=\"463\" src=\"http:\/\/carosariautocantor.com\/site\/wp-content\/uploads\/2019\/01\/VII11.png\" alt=\"\" class=\"wp-image-567\" srcset=\"https:\/\/carosariautocantor.com\/site\/wp-content\/uploads\/2019\/01\/VII11.png 800w, https:\/\/carosariautocantor.com\/site\/wp-content\/uploads\/2019\/01\/VII11-300x174.png 300w, https:\/\/carosariautocantor.com\/site\/wp-content\/uploads\/2019\/01\/VII11-768x444.png 768w, https:\/\/carosariautocantor.com\/site\/wp-content\/uploads\/2019\/01\/VII11-520x300.png 520w\" sizes=\"(max-width: 800px) 100vw, 800px\" \/><figcaption>VII.1.1 Suprastructur\u0103 deschis\u0103 cu prelat\u0103 basculabil\u0103 spre spate<\/figcaption><\/figure><\/div>\n\n\n\n<div class=\"wp-block-image\"><figure class=\"aligncenter\"><img loading=\"lazy\" width=\"640\" height=\"480\" src=\"http:\/\/carosariautocantor.com\/site\/wp-content\/uploads\/2019\/01\/VII12.png\" alt=\"\" class=\"wp-image-568\" srcset=\"https:\/\/carosariautocantor.com\/site\/wp-content\/uploads\/2019\/01\/VII12.png 640w, https:\/\/carosariautocantor.com\/site\/wp-content\/uploads\/2019\/01\/VII12-300x225.png 300w\" sizes=\"(max-width: 640px) 100vw, 640px\" \/><figcaption>VII.1.2 &nbsp;Sistem de basculare cu doi cilindrii<\/figcaption><\/figure><\/div>\n\n\n\n<div class=\"wp-block-image\"><figure class=\"aligncenter\"><img loading=\"lazy\" width=\"640\" height=\"445\" src=\"http:\/\/carosariautocantor.com\/site\/wp-content\/uploads\/2019\/01\/VII13.png\" alt=\"\" class=\"wp-image-569\" srcset=\"https:\/\/carosariautocantor.com\/site\/wp-content\/uploads\/2019\/01\/VII13.png 640w, https:\/\/carosariautocantor.com\/site\/wp-content\/uploads\/2019\/01\/VII13-300x209.png 300w\" sizes=\"(max-width: 640px) 100vw, 640px\" \/><figcaption>VII.1.3 Sistem de basculare trilateral\u0103<\/figcaption><\/figure><\/div>\n\n\n\n<div class=\"wp-block-image\"><figure class=\"aligncenter\"><img loading=\"lazy\" width=\"640\" height=\"795\" src=\"http:\/\/carosariautocantor.com\/site\/wp-content\/uploads\/2019\/01\/VII14.png\" alt=\"\" class=\"wp-image-570\" srcset=\"https:\/\/carosariautocantor.com\/site\/wp-content\/uploads\/2019\/01\/VII14.png 640w, https:\/\/carosariautocantor.com\/site\/wp-content\/uploads\/2019\/01\/VII14-242x300.png 242w\" sizes=\"(max-width: 640px) 100vw, 640px\" \/><figcaption>VII.1.4. Unghiul maxim de basculare<\/figcaption><\/figure><\/div>\n\n\n\n<figure class=\"wp-block-image size-large\"><img loading=\"lazy\" width=\"768\" height=\"1024\" src=\"https:\/\/carosariautocantor.com\/site\/wp-content\/uploads\/2020\/05\/20200526_065830-768x1024.jpg\" alt=\"\" class=\"wp-image-882\" srcset=\"https:\/\/carosariautocantor.com\/site\/wp-content\/uploads\/2020\/05\/20200526_065830-768x1024.jpg 768w, https:\/\/carosariautocantor.com\/site\/wp-content\/uploads\/2020\/05\/20200526_065830-225x300.jpg 225w, https:\/\/carosariautocantor.com\/site\/wp-content\/uploads\/2020\/05\/20200526_065830-1152x1536.jpg 1152w, https:\/\/carosariautocantor.com\/site\/wp-content\/uploads\/2020\/05\/20200526_065830-1536x2048.jpg 1536w, https:\/\/carosariautocantor.com\/site\/wp-content\/uploads\/2020\/05\/20200526_065830-50x67.jpg 50w, https:\/\/carosariautocantor.com\/site\/wp-content\/uploads\/2020\/05\/20200526_065830-scaled.jpg 1920w\" sizes=\"(max-width: 768px) 100vw, 768px\" \/><figcaption>VII 1.5 Suprastructur\u0103 deschis\u0103 basculabil\u0103 prev\u0103zut\u0103 cu oblon hidraulic tip coloan\u0103<\/figcaption><\/figure>\n\n\n\n<p><\/p>\n","protected":false},"excerpt":{"rendered":"<p>Suprastructurile basculabile sunt realizate \u00een varianta de basculare pe spate sau pe trei p\u0103r\u021bi(trilateral\u0103). Pentru a proteja marfa transportat\u0103 se pot prevedea \u0219i sistem de prelat\u0103. \u00cen general semi\u0219asiul \u0219i structura benei sunt zincate, dar la cererea clientului se pot vopsi. Obloanele pot fi din otel sau din aluminiu. Unghiul&#8230;<\/p>\n","protected":false},"author":1,"featured_media":0,"parent":36,"menu_order":0,"comment_status":"closed","ping_status":"closed","template":"page-templates\/template-fullwidth.php","meta":[],"_links":{"self":[{"href":"https:\/\/carosariautocantor.com\/site\/index.php\/wp-json\/wp\/v2\/pages\/476"}],"collection":[{"href":"https:\/\/carosariautocantor.com\/site\/index.php\/wp-json\/wp\/v2\/pages"}],"about":[{"href":"https:\/\/carosariautocantor.com\/site\/index.php\/wp-json\/wp\/v2\/types\/page"}],"author":[{"embeddable":true,"href":"https:\/\/carosariautocantor.com\/site\/index.php\/wp-json\/wp\/v2\/users\/1"}],"replies":[{"embeddable":true,"href":"https:\/\/carosariautocantor.com\/site\/index.php\/wp-json\/wp\/v2\/comments?post=476"}],"version-history":[{"count":5,"href":"https:\/\/carosariautocantor.com\/site\/index.php\/wp-json\/wp\/v2\/pages\/476\/revisions"}],"predecessor-version":[{"id":906,"href":"https:\/\/carosariautocantor.com\/site\/index.php\/wp-json\/wp\/v2\/pages\/476\/revisions\/906"}],"up":[{"embeddable":true,"href":"https:\/\/carosariautocantor.com\/site\/index.php\/wp-json\/wp\/v2\/pages\/36"}],"wp:attachment":[{"href":"https:\/\/carosariautocantor.com\/site\/index.php\/wp-json\/wp\/v2\/media?parent=476"}],"curies":[{"name":"wp","href":"https:\/\/api.w.org\/{rel}","templated":true}]}}