{"id":462,"date":"2019-01-29T19:22:01","date_gmt":"2019-01-29T17:22:01","guid":{"rendered":"http:\/\/carosariautocantor.com\/site\/?page_id=462"},"modified":"2022-02-14T11:10:03","modified_gmt":"2022-02-14T09:10:03","slug":"iii-1-suprastructuri-platforma-fara-prelata-bene","status":"publish","type":"page","link":"https:\/\/carosariautocantor.com\/site\/index.php\/produse\/iii-1-suprastructuri-platforma-fara-prelata-bene\/","title":{"rendered":"III.1 SUPRASTRUCTURI PLATFORM\u0102 F\u0102R\u0102 PRELAT\u0102 (BENE)"},"content":{"rendered":"\n<p>Suprastructura deschisa cu\nobloane rabatabile din aluminiu tip \u201cbena\u201d (platforma cu obloane) poate fi cu\noblon lateral format din mai multe module (la bene lungi) sau dintr-o singura\nbucata pe lungimea benei.<\/p>\n\n\n\n<p>Peretele din spatele cabinei poate fi prevazut cu grilaj metalic care sa permita utilizarea oglinzii retrovizoare din cabina.<\/p>\n\n\n\n<p>Inelele de ancoare se monteaza in profilul cadru lateral (profil din aluminiu) sau prin podeaua Tego de semisasiu.<\/p>\n\n\n\n<p>Peretele frontal prevazut cu un cadru \u201cH\u201d permite transportul profilelor lungi<\/p>\n\n\n\n<div class=\"wp-block-image\"><figure class=\"aligncenter\"><img loading=\"lazy\" width=\"640\" height=\"386\" src=\"http:\/\/carosariautocantor.com\/site\/wp-content\/uploads\/2019\/01\/III11.png\" alt=\"\" class=\"wp-image-517\" srcset=\"https:\/\/carosariautocantor.com\/site\/wp-content\/uploads\/2019\/01\/III11.png 640w, https:\/\/carosariautocantor.com\/site\/wp-content\/uploads\/2019\/01\/III11-300x181.png 300w\" sizes=\"(max-width: 640px) 100vw, 640px\" \/><\/figure><\/div>\n\n\n\n<p class=\"has-text-align-center\">III.1.1 &nbsp;Suprastructura\ndeschisa cu obloane rabatabile din aluminiu tip \u201cbena\u201d (platforma cu obloane).<\/p>\n\n\n\n<div class=\"wp-block-image\"><figure class=\"aligncenter\"><img loading=\"lazy\" width=\"800\" height=\"298\" src=\"http:\/\/carosariautocantor.com\/site\/wp-content\/uploads\/2019\/01\/III12.png\" alt=\"\" class=\"wp-image-518\" srcset=\"https:\/\/carosariautocantor.com\/site\/wp-content\/uploads\/2019\/01\/III12.png 800w, https:\/\/carosariautocantor.com\/site\/wp-content\/uploads\/2019\/01\/III12-300x112.png 300w, https:\/\/carosariautocantor.com\/site\/wp-content\/uploads\/2019\/01\/III12-768x286.png 768w\" sizes=\"(max-width: 800px) 100vw, 800px\" \/><\/figure><\/div>\n\n\n\n<p class=\"has-text-align-center\">III.1.2 &nbsp;Suprastructura\ndeschisa cu obloane rabatabile din aluminiu in varianta cu oblon dintr-o sigura\nbucata pe lateral (fara stalpi de mijloc si stalpi spate) <\/p>\n\n\n\n<div class=\"wp-block-image\"><figure class=\"aligncenter\"><img loading=\"lazy\" width=\"640\" height=\"480\" src=\"http:\/\/carosariautocantor.com\/site\/wp-content\/uploads\/2019\/01\/III13.png\" alt=\"\" class=\"wp-image-519\" srcset=\"https:\/\/carosariautocantor.com\/site\/wp-content\/uploads\/2019\/01\/III13.png 640w, https:\/\/carosariautocantor.com\/site\/wp-content\/uploads\/2019\/01\/III13-300x225.png 300w\" sizes=\"(max-width: 640px) 100vw, 640px\" \/><\/figure><\/div>\n\n\n\n<p class=\"has-text-align-center\">III.1.3 Inelele de ancorare fixate in profilul cadru <\/p>\n\n\n\n<div class=\"wp-block-image\"><figure class=\"aligncenter\"><img loading=\"lazy\" width=\"640\" height=\"437\" src=\"http:\/\/carosariautocantor.com\/site\/wp-content\/uploads\/2019\/01\/III14.png\" alt=\"\" class=\"wp-image-520\" srcset=\"https:\/\/carosariautocantor.com\/site\/wp-content\/uploads\/2019\/01\/III14.png 640w, https:\/\/carosariautocantor.com\/site\/wp-content\/uploads\/2019\/01\/III14-300x205.png 300w\" sizes=\"(max-width: 640px) 100vw, 640px\" \/><\/figure><\/div>\n\n\n\n<p class=\"has-text-align-center\">III.1.4. Panoul din spatele cabinei poate fi prevazut &nbsp;cu sistem de fixare pentru transport profile\nlungi<\/p>\n","protected":false},"excerpt":{"rendered":"<p>Suprastructura deschisa cu obloane rabatabile din aluminiu tip \u201cbena\u201d (platforma cu obloane) poate fi cu oblon lateral format din mai multe module (la bene lungi) sau dintr-o singura bucata pe lungimea benei. Peretele din spatele cabinei poate fi prevazut cu grilaj metalic care sa permita utilizarea oglinzii retrovizoare din cabina&#8230;.<\/p>\n","protected":false},"author":1,"featured_media":0,"parent":36,"menu_order":0,"comment_status":"closed","ping_status":"closed","template":"page-templates\/template-fullwidth.php","meta":[],"_links":{"self":[{"href":"https:\/\/carosariautocantor.com\/site\/index.php\/wp-json\/wp\/v2\/pages\/462"}],"collection":[{"href":"https:\/\/carosariautocantor.com\/site\/index.php\/wp-json\/wp\/v2\/pages"}],"about":[{"href":"https:\/\/carosariautocantor.com\/site\/index.php\/wp-json\/wp\/v2\/types\/page"}],"author":[{"embeddable":true,"href":"https:\/\/carosariautocantor.com\/site\/index.php\/wp-json\/wp\/v2\/users\/1"}],"replies":[{"embeddable":true,"href":"https:\/\/carosariautocantor.com\/site\/index.php\/wp-json\/wp\/v2\/comments?post=462"}],"version-history":[{"count":4,"href":"https:\/\/carosariautocantor.com\/site\/index.php\/wp-json\/wp\/v2\/pages\/462\/revisions"}],"predecessor-version":[{"id":899,"href":"https:\/\/carosariautocantor.com\/site\/index.php\/wp-json\/wp\/v2\/pages\/462\/revisions\/899"}],"up":[{"embeddable":true,"href":"https:\/\/carosariautocantor.com\/site\/index.php\/wp-json\/wp\/v2\/pages\/36"}],"wp:attachment":[{"href":"https:\/\/carosariautocantor.com\/site\/index.php\/wp-json\/wp\/v2\/media?parent=462"}],"curies":[{"name":"wp","href":"https:\/\/api.w.org\/{rel}","templated":true}]}}