{"id":36,"date":"2019-01-14T14:07:26","date_gmt":"2019-01-14T12:07:26","guid":{"rendered":"http:\/\/carosariautocantor.com\/site\/?page_id=36"},"modified":"2022-02-14T10:56:17","modified_gmt":"2022-02-14T08:56:17","slug":"produse","status":"publish","type":"page","link":"https:\/\/carosariautocantor.com\/site\/index.php\/produse\/","title":{"rendered":"Produse"},"content":{"rendered":"\n<p>I. SUPRASTRUCTURI INCHISE MARFURI GENERALE <\/p>\n\n\n\n<p><strong><a href=\"http:\/\/carosariautocantor.com\/site\/index.php\/i-1-suprastructuri-inchise-din-aluminiu\/\">&nbsp;I.1 SUPRASTRUCTURI \u00ceNCHISE DIN ALUMINIU<\/a><\/strong><br><strong><a href=\"http:\/\/carosariautocantor.com\/site\/index.php\/produse\/i-2-suprastructuri-inchise-din-panouri-sandwich\/\">&nbsp;I.2 SUPRASTRUCTURI \u00ceNCHISE DIN PANOURI SANDWICH<\/a><\/strong><\/p>\n\n\n\n<p>II. SUPRASTRUCTURI TEXTILE <\/p>\n\n\n\n<p><strong><a href=\"http:\/\/carosariautocantor.com\/site\/index.php\/produse\/ii-1-caroserii-pentru-transport-textile\/\">II.1 CAROSERII PENTRU TRANSPORT TEXTILE<br><\/a><a href=\"http:\/\/carosariautocantor.com\/site\/index.php\/produse\/ii-1-caroserii-pentru-transport-textile-2\/\">II.2 SEMIREMORCI ECHIPATE PENTRU TRANSPORT TEXTILE<br><\/a><a href=\"http:\/\/carosariautocantor.com\/site\/index.php\/ii-3-autofurgoane-si-suprastructuri-cu-prelata-echipate-pentru-transport-textile\/\">II.3 AUTOFURGOANE \u0218I SUPRASTRUCTURI CU PRELAT\u0102 ECHIPATE PENTRU TRANSPORT TEXTILE<\/a><\/strong> <br><strong><a href=\"http:\/\/carosariautocantor.com\/site\/index.php\/produse\/ii-4-amenajari-interioare-pentru-transport-produse-textile\/\">II.4 AMENAJARI INTERIOARE PENTRU TRANSPORT PRODUSE TEXTILE\ufeff<\/a><\/strong> <\/p>\n\n\n\n<p>III. SUPRASTRUCTURI PLATFORM\u0102 CU PRELAT\u0102<\/p>\n\n\n\n<p><strong><a href=\"http:\/\/carosariautocantor.com\/site\/index.php\/produse\/iii-1-suprastructuri-platforma-fara-prelata-bene\/\">III.1 SUPRASTRUCTURI PLATFORM\u0102 F\u0102R\u0102 PRELAT\u0102 (BENE)<br><\/a><a href=\"http:\/\/carosariautocantor.com\/site\/index.php\/produse\/iii-2-suprastructuri-platforma-cu-prelata\/\">III.2. SUPRASTRUCTURI PLATFORM\u0102 CU PRELAT\u0102<\/a><\/strong><\/p>\n\n\n\n<p><strong><a href=\"http:\/\/carosariautocantor.com\/site\/index.php\/produse\/iv-can4-transport-panificatie\/\">IV.TRANSPORT PANIFICA\u021aIE<\/a><\/strong><\/p>\n\n\n\n<p>V. SUPRASTRUCTURI FRIGORIFICE <\/p>\n\n\n\n<p><strong><a href=\"http:\/\/carosariautocantor.com\/site\/index.php\/produse\/v-1-suprastructuri-frigorifice-transport-refrigerate\/\">V.1 SUPRASTRUCTURI FRIGORIFICE TRANSPORT REFRIGERATE<br><\/a><a href=\"http:\/\/carosariautocantor.com\/site\/index.php\/produse\/v-2-suprastructuri-frigorifice-transport-congelate\/\">V.2 SUPRASTRUCTURI FRIGORIFICE TRANSPORT CONGELATE<\/a><\/strong><\/p>\n\n\n\n<p>VI. ECHIPARE FURGOANE TIP VAN<\/p>\n\n\n\n<p><strong><a href=\"http:\/\/carosariautocantor.com\/site\/index.php\/produse\/vi-1-echipare-furgoane-frigorifice\/\">VI.1 ECHIPARE&nbsp;FURGOANE&nbsp;FRIGORIFICE<br><\/a><a href=\"http:\/\/carosariautocantor.com\/site\/index.php\/produse\/vi-2-echipare-furgon-tip-van-marfuri-generale\/\">VI.2 ECHIPARE FURGON TIP VAN M\u0102RFURI GENERALE<\/a><\/strong><\/p>\n\n\n\n<p>VII. SUPRASTRUCTURI AUTOSPECIALE BASCULANTE, CISTERNE, REMORCI <\/p>\n\n\n\n<p><strong><a href=\"http:\/\/carosariautocantor.com\/site\/index.php\/produse\/vii-1-basculante\/\">VII.1 BASCULANTE<br><\/a><a rel=\"noreferrer noopener\" aria-label=\" (opens in a new tab)\" href=\"http:\/\/www.carosariautocantor.com\/vii-2-remorci\/\" target=\"_blank\">VII.2 <\/a><a href=\"http:\/\/carosariautocantor.com\/site\/index.php\/produse\/vii-2-remorci\/\">REMORCI<\/a><\/strong><\/p>\n\n\n\n<p><strong><a href=\"http:\/\/carosariautocantor.com\/site\/index.php\/produse\/viii-can8-modificari-constructive-reparatii\/\">VIII. MODIFIC\u0102RI CONSTRUCTIVE (REPARA\u021aII)<\/a><\/strong><\/p>\n\n\n\n<p><a href=\"http:\/\/carosariautocantor.com\/site\/index.php\/xix-transport-mortuar\/\"><strong>IX.TRANSPORT&nbsp;MORTUAR<\/strong><\/a><\/p>\n\n\n\n<p><\/p>\n","protected":false},"excerpt":{"rendered":"<p>I. SUPRASTRUCTURI INCHISE MARFURI GENERALE &nbsp;I.1 SUPRASTRUCTURI \u00ceNCHISE DIN ALUMINIU&nbsp;I.2 SUPRASTRUCTURI \u00ceNCHISE DIN PANOURI SANDWICH II. SUPRASTRUCTURI TEXTILE II.1 CAROSERII PENTRU TRANSPORT TEXTILEII.2 SEMIREMORCI ECHIPATE PENTRU TRANSPORT TEXTILEII.3 AUTOFURGOANE \u0218I SUPRASTRUCTURI CU PRELAT\u0102 ECHIPATE PENTRU TRANSPORT TEXTILE II.4 AMENAJARI INTERIOARE PENTRU TRANSPORT PRODUSE TEXTILE\ufeff III. SUPRASTRUCTURI PLATFORM\u0102 CU PRELAT\u0102 III.1&#8230;<\/p>\n","protected":false},"author":1,"featured_media":0,"parent":0,"menu_order":3,"comment_status":"closed","ping_status":"closed","template":"page-templates\/template-fullwidth.php","meta":[],"_links":{"self":[{"href":"https:\/\/carosariautocantor.com\/site\/index.php\/wp-json\/wp\/v2\/pages\/36"}],"collection":[{"href":"https:\/\/carosariautocantor.com\/site\/index.php\/wp-json\/wp\/v2\/pages"}],"about":[{"href":"https:\/\/carosariautocantor.com\/site\/index.php\/wp-json\/wp\/v2\/types\/page"}],"author":[{"embeddable":true,"href":"https:\/\/carosariautocantor.com\/site\/index.php\/wp-json\/wp\/v2\/users\/1"}],"replies":[{"embeddable":true,"href":"https:\/\/carosariautocantor.com\/site\/index.php\/wp-json\/wp\/v2\/comments?post=36"}],"version-history":[{"count":35,"href":"https:\/\/carosariautocantor.com\/site\/index.php\/wp-json\/wp\/v2\/pages\/36\/revisions"}],"predecessor-version":[{"id":843,"href":"https:\/\/carosariautocantor.com\/site\/index.php\/wp-json\/wp\/v2\/pages\/36\/revisions\/843"}],"wp:attachment":[{"href":"https:\/\/carosariautocantor.com\/site\/index.php\/wp-json\/wp\/v2\/media?parent=36"}],"curies":[{"name":"wp","href":"https:\/\/api.w.org\/{rel}","templated":true}]}}