{"id":15,"date":"2019-01-14T13:43:52","date_gmt":"2019-01-14T11:43:52","guid":{"rendered":"http:\/\/carosariautocantor.com\/site\/?page_id=15"},"modified":"2023-06-16T14:41:49","modified_gmt":"2023-06-16T11:41:49","slug":"acasa","status":"publish","type":"page","link":"https:\/\/carosariautocantor.com\/site\/","title":{"rendered":"Despre noi"},"content":{"rendered":"\t\t<div data-elementor-type=\"wp-page\" data-elementor-id=\"15\" class=\"elementor elementor-15\">\n\t\t\t\t\t\t<div class=\"elementor-inner\">\n\t\t\t\t<div class=\"elementor-section-wrap\">\n\t\t\t\t\t\t\t\t\t<section class=\"elementor-section elementor-top-section elementor-element elementor-element-6987a600 elementor-section-boxed elementor-section-height-default elementor-section-height-default\" data-id=\"6987a600\" data-element_type=\"section\">\n\t\t\t\t\t\t<div class=\"elementor-container elementor-column-gap-default\">\n\t\t\t\t\t\t\t<div class=\"elementor-row\">\n\t\t\t\t\t<div class=\"elementor-column elementor-col-100 elementor-top-column elementor-element elementor-element-2b14472\" data-id=\"2b14472\" data-element_type=\"column\">\n\t\t\t<div class=\"elementor-column-wrap elementor-element-populated\">\n\t\t\t\t\t\t\t<div class=\"elementor-widget-wrap\">\n\t\t\t\t\t\t<div class=\"elementor-element elementor-element-39520df elementor-invisible elementor-widget elementor-widget-text-editor\" data-id=\"39520df\" data-element_type=\"widget\" data-settings=\"{&quot;_animation&quot;:&quot;fadeIn&quot;}\" data-widget_type=\"text-editor.default\">\n\t\t\t\t<div class=\"elementor-widget-container\">\n\t\t\t\t\t\t\t\t<div class=\"elementor-text-editor elementor-clearfix\">\n\t\t\t\t<p><!-- wp:metaslider\/slider {\"slideshowId\":118} --><br><div id=\"metaslider-id-118\" style=\"width: 100%; margin: 0 auto;\" class=\"ml-slider-3-27-3 metaslider metaslider-responsive metaslider-118 ml-slider  alignnormal\">\n    <div id=\"metaslider_container_118\">\n        <ul id='metaslider_118' class='rslides'>\n            <li><img loading=\"lazy\" src=\"https:\/\/carosariautocantor.com\/site\/wp-content\/uploads\/2019\/01\/0221-700x280.jpg\" height=\"400\" width=\"1000\" alt=\"SUPRASTRUCTURI \u00ceNCHISE\" class=\"slider-118 slide-121\" title=\"SUPRASTRUCTURI \u00ceNCHISE\" \/><div class=\"caption-wrap\"><div class=\"caption\">SUPRASTRUCTURI \u00ceNCHISE<\/div><\/div><\/li>\n            <li style='display: none;'><img loading=\"lazy\" src=\"https:\/\/carosariautocantor.com\/site\/wp-content\/uploads\/2019\/01\/ss2-1000x400.jpg\" height=\"400\" width=\"1000\" alt=\"SUPRASTRUCTURI DESCHISE\" class=\"slider-118 slide-122\" title=\"SUPRASTRUCTURI DESCHISE\" \/><div class=\"caption-wrap\"><div class=\"caption\">SUPRASTRUCTURI DESCHISE<\/div><\/div><\/li>\n            <li style='display: none;'><img loading=\"lazy\" src=\"https:\/\/carosariautocantor.com\/site\/wp-content\/uploads\/2020\/04\/74674916_2128476560794350_3561530819082190848_o-1000x400.jpg\" height=\"400\" width=\"1000\" alt=\"\" class=\"slider-118 slide-123\" title=\"74674916_2128476560794350_3561530819082190848_o\" \/><div class=\"caption-wrap\"><div class=\"caption\">SUPRASTRUCTURI IZOTERME<\/div><\/div><\/li>\n        <\/ul>\n        \n    <\/div>\n<\/div><br><!-- \/wp:metaslider\/slider --><\/p>\n<p><!-- wp:paragraph --><\/p>\n<p>Cantor Confmet are o bogat\u0103 experien\u021b\u0103 \u00een domeniul caros\u0103rii \u0219i al repara\u021biilor caroseriilor autoutilitarelor, societatea dispun\u00e2nd de un atelier de produc\u021bie \u0219i service de aproximativ 1.200 mp, dotat cu aparate \u0219i utilaje specifice activit\u0103\u021bii.<\/p>\n<p><!-- \/wp:paragraph --><\/p>\n<p><!-- wp:paragraph --><\/p>\n<p>Suntem o societate dinamic\u0103 ce se adapteaz\u0103 rapid cerin\u021belor clien\u021bilor, tot mai diversificate \u0219i aflate \u00eentr-o continu\u0103 transformare.<\/p>\n<p><!-- \/wp:paragraph --><\/p>\n<p><!-- wp:spacer {\"height\":27} --><\/p>\n<h1 aria-hidden=\"true\">&nbsp;<\/h1>\n<h1 style=\"height: 27px;\" aria-hidden=\"true\"><span style=\"text-decoration: underline;\"><strong>Nout\u0103\u021bi<\/strong><\/span><\/h1>\n<h2>&nbsp;<\/h2>\n<p><\/p>\n<h2>Agregat incorporat&nbsp;&nbsp;<\/h2>\n<h2>\u00een cabin\u0103<\/h2>\n<p><!-- \/wp:spacer --><\/p>\n<p><!-- wp:html --><\/p>\n<div>\n<div style=\"width: 50%; float: left;\">\n<div><img loading=\"lazy\" src=\"https:\/\/carosariautocantor.com\/site\/wp-content\/uploads\/2019\/01\/IMAG00271.jpg\" alt=\"Nout\u0103\u021bi \u2013 Agregat incorporat \u00een cabin\u0103\" width=\"370\" height=\"170\"><\/div>\n<div>\n<div>\n<h2><span style=\"color: #7a7a7a; font-family: Roboto, sans-serif; font-size: 1rem;\">\u00cencep\u00e2nd cu&nbsp;anul 2014, \u00een lista de op\u021bionale a furgoanelor frigorifice s-a inclus \u0219i incorporarea agregatului de frig \u00een plafonul cabinei.&nbsp;<\/span><\/h2>\n<p><\/p>\n<h2>Suprastructr\u0103 bi-temp<\/h2>\n<p><img loading=\"lazy\" src=\"https:\/\/carosariautocantor.com\/site\/wp-content\/uploads\/2019\/01\/DSCN5802.jpg\" alt=\"Suprastructur\u0103 bi-temp\" width=\"381\" height=\"175\"><span style=\"font-size: 1rem; letter-spacing: -1px;\">Suprastructur\u0103 transport alimente bi-temp&nbsp;<\/span><span style=\"font-size: 1rem; letter-spacing: -1px;\">cu perete culisant \u0219i rabatabil.<\/span><\/p>\n<\/div>\n<div>\n<h1><strong>Pentru noi, fiecare client este un partener.<\/strong><\/h1>\n<\/div>\n<\/div>\n<p><!-- .column-content --><\/p>\n<\/div>\n<div style=\"width: 50%; float: left;\">\n<div>\n<div>\n<h2>&nbsp; &nbsp; &nbsp;<\/h2>\n<\/div>\n<div>&nbsp;<\/div>\n<\/div>\n<p><!-- .column-content --><\/p>\n<\/div>\n<\/div>\n<div>&nbsp;<\/div>\n<p><!-- \/wp:html --><\/p>\n<p><!-- wp:heading {\"level\":3} --><\/p>\n<h1>&nbsp;<\/h1>\n<p><!-- \/wp:heading --><\/p>\n<p><!-- wp:heading {\"level\":3} --><\/p>\n<h3>&nbsp;<\/h3>\t\t\t\t\t<\/div>\n\t\t\t\t\t\t<\/div>\n\t\t\t\t<\/div>\n\t\t\t\t\t\t<\/div>\n\t\t\t\t\t<\/div>\n\t\t<\/div>\n\t\t\t\t\t\t\t\t<\/div>\n\t\t\t\t\t<\/div>\n\t\t<\/section>\n\t\t\t\t<section class=\"elementor-section elementor-top-section elementor-element elementor-element-72d4f76 elementor-section-boxed elementor-section-height-default elementor-section-height-default\" data-id=\"72d4f76\" data-element_type=\"section\">\n\t\t\t\t\t\t<div class=\"elementor-container elementor-column-gap-default\">\n\t\t\t\t\t\t\t<div class=\"elementor-row\">\n\t\t\t\t\t<div class=\"elementor-column elementor-col-100 elementor-top-column elementor-element elementor-element-5ce5dc2\" data-id=\"5ce5dc2\" data-element_type=\"column\">\n\t\t\t<div class=\"elementor-column-wrap elementor-element-populated\">\n\t\t\t\t\t\t\t<div class=\"elementor-widget-wrap\">\n\t\t\t\t\t\t<div class=\"elementor-element elementor-element-3db9a22 elementor-aspect-ratio-169 elementor-widget elementor-widget-video\" data-id=\"3db9a22\" data-element_type=\"widget\" data-settings=\"{&quot;youtube_url&quot;:&quot;https:\\\/\\\/youtu.be\\\/hMLsWXdi518&quot;,&quot;start&quot;:0,&quot;video_type&quot;:&quot;youtube&quot;,&quot;controls&quot;:&quot;yes&quot;,&quot;aspect_ratio&quot;:&quot;169&quot;}\" data-widget_type=\"video.default\">\n\t\t\t\t<div class=\"elementor-widget-container\">\n\t\t\t\t\t<div class=\"elementor-wrapper elementor-fit-aspect-ratio elementor-open-inline\">\n\t\t\t<div class=\"elementor-video\"><\/div>\t\t<\/div>\n\t\t\t\t<\/div>\n\t\t\t\t<\/div>\n\t\t\t\t\t\t<\/div>\n\t\t\t\t\t<\/div>\n\t\t<\/div>\n\t\t\t\t\t\t\t\t<\/div>\n\t\t\t\t\t<\/div>\n\t\t<\/section>\n\t\t\t\t\t\t\t\t\t<\/div>\n\t\t\t<\/div>\n\t\t\t\t\t<\/div>\n\t\t","protected":false},"excerpt":{"rendered":"<p>Cantor Confmet are o bogat\u0103 experien\u021b\u0103 \u00een domeniul caros\u0103rii \u0219i al repara\u021biilor caroseriilor autoutilitarelor, societatea dispun\u00e2nd de un atelier de produc\u021bie \u0219i service de aproximativ 1.200 mp, dotat cu aparate \u0219i utilaje specifice activit\u0103\u021bii. Suntem o societate dinamic\u0103 ce se adapteaz\u0103 rapid cerin\u021belor clien\u021bilor, tot mai diversificate \u0219i aflate \u00eentr-o&#8230;<\/p>\n","protected":false},"author":1,"featured_media":0,"parent":0,"menu_order":1,"comment_status":"closed","ping_status":"closed","template":"","meta":[],"_links":{"self":[{"href":"https:\/\/carosariautocantor.com\/site\/index.php\/wp-json\/wp\/v2\/pages\/15"}],"collection":[{"href":"https:\/\/carosariautocantor.com\/site\/index.php\/wp-json\/wp\/v2\/pages"}],"about":[{"href":"https:\/\/carosariautocantor.com\/site\/index.php\/wp-json\/wp\/v2\/types\/page"}],"author":[{"embeddable":true,"href":"https:\/\/carosariautocantor.com\/site\/index.php\/wp-json\/wp\/v2\/users\/1"}],"replies":[{"embeddable":true,"href":"https:\/\/carosariautocantor.com\/site\/index.php\/wp-json\/wp\/v2\/comments?post=15"}],"version-history":[{"count":149,"href":"https:\/\/carosariautocantor.com\/site\/index.php\/wp-json\/wp\/v2\/pages\/15\/revisions"}],"predecessor-version":[{"id":962,"href":"https:\/\/carosariautocantor.com\/site\/index.php\/wp-json\/wp\/v2\/pages\/15\/revisions\/962"}],"wp:attachment":[{"href":"https:\/\/carosariautocantor.com\/site\/index.php\/wp-json\/wp\/v2\/media?parent=15"}],"curies":[{"name":"wp","href":"https:\/\/api.w.org\/{rel}","templated":true}]}}