{"id":11,"date":"2019-01-14T13:38:13","date_gmt":"2019-01-14T11:38:13","guid":{"rendered":"http:\/\/carosariautocantor.com\/site\/?page_id=11"},"modified":"2020-04-30T10:41:36","modified_gmt":"2020-04-30T07:41:36","slug":"certificari","status":"publish","type":"page","link":"https:\/\/carosariautocantor.com\/site\/index.php\/certificari\/","title":{"rendered":"Certific\u0103ri"},"content":{"rendered":"\n<p>Conform Ordinului Nr. 208 din 14 martie 2000 pentru aprobarea Reglement\u0103rilor privind agrearea \u015fi verificarea tehnic\u0103 a vehiculelor destinate transportului de produse perisabile \u2013 RNTR 5, ca urmare a solicit\u0103rilor de caroserii certificate ATP pentru transport m\u0103rfuri perisabile, s-au testat \u0219i ob\u021binut pe mai multe modele de caroseri confec\u021bionate \u0219i montate de firma noastr\u0103 (cu panouri sandwich produc\u021bie proprie) certificate conform normelor interna\u021bionale.<\/p>\n\n\n<div class=\"su-custom-gallery su-custom-gallery-title-always\"><div class=\"su-custom-gallery-slide\"><a href=\"https:\/\/carosariautocantor.com\/site\/wp-content\/uploads\/2019\/01\/Certificat-RAR.png\" target=\"_blank\" title=\"Autoriza\u021bie tehnica RAR\"><img src=\"https:\/\/carosariautocantor.com\/site\/wp-content\/uploads\/2019\/01\/Certificat-RAR-200x280.png\" alt=\"Autoriza\u021bie tehnica RAR\" width=\"200\" height=\"280\" \/><span class=\"su-custom-gallery-title\">Autoriza\u021bie tehnica RAR<\/span><\/a><\/div><div class=\"su-custom-gallery-slide\"><a href=\"https:\/\/carosariautocantor.com\/site\/wp-content\/uploads\/2019\/01\/Certificat-ATP-FORD.png\" target=\"_blank\" title=\"Certificat ATP FRA Ford\"><img src=\"https:\/\/carosariautocantor.com\/site\/wp-content\/uploads\/2019\/01\/Certificat-ATP-FORD-200x280.png\" alt=\"Certificat ATP FRA Ford\" width=\"200\" height=\"280\" \/><span class=\"su-custom-gallery-title\">Certificat ATP FRA Ford<\/span><\/a><\/div><div class=\"su-custom-gallery-slide\"><a href=\"https:\/\/carosariautocantor.com\/site\/wp-content\/uploads\/2019\/01\/Certificat-FRC-Sprinter.jpg\" target=\"_blank\" title=\"Certificat FRC Sprinter\"><img src=\"https:\/\/carosariautocantor.com\/site\/wp-content\/uploads\/2019\/01\/Certificat-FRC-Sprinter-200x280.jpg\" alt=\"Certificat FRC Sprinter\" width=\"200\" height=\"280\" \/><span class=\"su-custom-gallery-title\">Certificat FRC Sprinter<\/span><\/a><\/div><div class=\"su-custom-gallery-slide\"><a href=\"https:\/\/carosariautocantor.com\/site\/wp-content\/uploads\/2019\/01\/ISO.jpg\" target=\"_blank\" title=\"Management al calitatii ISO9001\"><img src=\"https:\/\/carosariautocantor.com\/site\/wp-content\/uploads\/2019\/01\/ISO-200x280.jpg\" alt=\"Management al calitatii ISO9001\" width=\"200\" height=\"280\" \/><span class=\"su-custom-gallery-title\">Management al calitatii ISO9001<\/span><\/a><\/div><div class=\"su-clear\"><\/div><\/div>\n\n\n\n<p style=\"text-align:left\"><br>Dou\u0103 exemple de certificate ATP (final FRC, respectiv FRA) sunt prezentate \u00een imaginile de mai sus. Cele dou\u0103 certificate sunt eliberate pentru autofurgoanele din fotografiile de mai jos. \u00cen cazul \u00een care se solicit\u0103 de c\u0103tre client astfel de certific\u0103ri, ele se pot ob\u021bine \u00een cel mai scurt timp pentru caros\u0103rile frigorifice executate de &nbsp;firma noastr\u0103.<br><\/p>\n\n\n<div class=\"su-row\">\n<div class=\"su-column su-column-size-1-2\"><div class=\"su-column-inner su-u-clearfix su-u-trim\">\n<div class=\"su-custom-gallery su-custom-gallery-title-none\"><div class=\"su-custom-gallery-slide\"><a><img src=\"https:\/\/carosariautocantor.com\/site\/wp-content\/uploads\/2019\/01\/DSCN8787-250x350.jpg\" alt=\"\" width=\"250\" height=\"350\" \/><\/a><\/div><div class=\"su-clear\"><\/div><\/div>\n<\/div><\/div><div class=\"su-column su-column-size-1-2\"><div class=\"su-column-inner su-u-clearfix su-u-trim\">\n<div class=\"su-custom-gallery su-custom-gallery-title-none\"><div class=\"su-custom-gallery-slide\"><a><img src=\"https:\/\/carosariautocantor.com\/site\/wp-content\/uploads\/2019\/01\/014-250x350.jpg\" alt=\"\" width=\"250\" height=\"350\" \/><\/a><\/div><div class=\"su-clear\"><\/div><\/div>\n<\/div><\/div><\/div>\n","protected":false},"excerpt":{"rendered":"<p>Conform Ordinului Nr. 208 din 14 martie 2000 pentru aprobarea Reglement\u0103rilor privind agrearea \u015fi verificarea tehnic\u0103 a vehiculelor destinate transportului de produse perisabile \u2013 RNTR 5, ca urmare a solicit\u0103rilor de caroserii certificate ATP pentru transport m\u0103rfuri perisabile, s-au testat \u0219i ob\u021binut pe mai multe modele de caroseri confec\u021bionate \u0219i&#8230;<\/p>\n","protected":false},"author":1,"featured_media":0,"parent":0,"menu_order":4,"comment_status":"closed","ping_status":"closed","template":"page-templates\/template-fullwidth.php","meta":[],"_links":{"self":[{"href":"https:\/\/carosariautocantor.com\/site\/index.php\/wp-json\/wp\/v2\/pages\/11"}],"collection":[{"href":"https:\/\/carosariautocantor.com\/site\/index.php\/wp-json\/wp\/v2\/pages"}],"about":[{"href":"https:\/\/carosariautocantor.com\/site\/index.php\/wp-json\/wp\/v2\/types\/page"}],"author":[{"embeddable":true,"href":"https:\/\/carosariautocantor.com\/site\/index.php\/wp-json\/wp\/v2\/users\/1"}],"replies":[{"embeddable":true,"href":"https:\/\/carosariautocantor.com\/site\/index.php\/wp-json\/wp\/v2\/comments?post=11"}],"version-history":[{"count":64,"href":"https:\/\/carosariautocantor.com\/site\/index.php\/wp-json\/wp\/v2\/pages\/11\/revisions"}],"predecessor-version":[{"id":314,"href":"https:\/\/carosariautocantor.com\/site\/index.php\/wp-json\/wp\/v2\/pages\/11\/revisions\/314"}],"wp:attachment":[{"href":"https:\/\/carosariautocantor.com\/site\/index.php\/wp-json\/wp\/v2\/media?parent=11"}],"curies":[{"name":"wp","href":"https:\/\/api.w.org\/{rel}","templated":true}]}}